{"id":239,"date":"2025-12-08T13:26:46","date_gmt":"2025-12-08T12:26:46","guid":{"rendered":"https:\/\/nextbike-live.pluspol-networks.de\/styr-staell\/business-offer\/"},"modified":"2026-01-21T11:59:19","modified_gmt":"2026-01-21T10:59:19","slug":"foretagserbjudande","status":"publish","type":"page","link":"https:\/\/styrochstall.se\/sv\/foretagserbjudande\/","title":{"rendered":"F\u00f6retagserbjudande"},"content":{"rendered":"<div class=\"wpb-content-wrapper\"><p>[vc_row][vc_column][vc_column_text css=&#8221;&#8221;]<\/p>\n<h1 style=\"text-align: center;\">F\u00f6retagserbjudande<\/h1>\n<p>[\/vc_column_text][vc_row_inner][vc_column_inner width=&#8221;1\/4&#8243;][vc_icon icon_fontawesome=&#8221;fa fa-solid fa-leaf&#8221; color=&#8221;custom&#8221; background_style=&#8221;rounded&#8221; background_color=&#8221;custom&#8221; align=&#8221;center&#8221; css=&#8221;&#8221; custom_color=&#8221;#006975&#8243; custom_background_color=&#8221;#CCEEF1&#8243;][vc_column_text css=&#8221;&#8221;]<\/p>\n<p style=\"text-align: center;\">Vi erbjuder h\u00e5llbar mobilitet f\u00f6r arbetsplatser i G\u00f6teborg och M\u00f6lndal.<\/p>\n<p>[\/vc_column_text][\/vc_column_inner][vc_column_inner width=&#8221;1\/4&#8243;][vc_icon icon_fontawesome=&#8221;fa fa-solid fa-person-biking&#8221; color=&#8221;custom&#8221; background_style=&#8221;rounded&#8221; background_color=&#8221;custom&#8221; align=&#8221;center&#8221; css=&#8221;&#8221; custom_color=&#8221;#006975&#8243; custom_background_color=&#8221;#CCEEF1&#8243;][vc_column_text css=&#8221;&#8221;]<\/p>\n<p style=\"text-align: center;\">Vi erbjuder tillg\u00e5ng till 1750 cyklar p\u00e5 135 stationer.<\/p>\n<p>[\/vc_column_text][\/vc_column_inner][vc_column_inner width=&#8221;1\/4&#8243;][vc_icon icon_fontawesome=&#8221;fa fa-solid fa-toolbox&#8221; color=&#8221;custom&#8221; background_style=&#8221;rounded&#8221; background_color=&#8221;custom&#8221; align=&#8221;center&#8221; css=&#8221;&#8221; custom_color=&#8221;#006975&#8243; custom_background_color=&#8221;#CCEEF1&#8243;][vc_column_text css=&#8221;&#8221;]<\/p>\n<p style=\"text-align: center;\">Vi tar hand om alla cykelservicebehov.<\/p>\n<p>[\/vc_column_text][\/vc_column_inner][vc_column_inner width=&#8221;1\/4&#8243;][vc_icon icon_fontawesome=&#8221;fa fa-solid fa-charging-station&#8221; color=&#8221;custom&#8221; background_style=&#8221;rounded&#8221; background_color=&#8221;custom&#8221; align=&#8221;center&#8221; css=&#8221;&#8221; custom_color=&#8221;#006975&#8243; custom_background_color=&#8221;#CCEEF1&#8243;][vc_column_text css=&#8221;&#8221;]<\/p>\n<p style=\"text-align: center;\">Vi s\u00e4tter upp en station \u00e5t dig p\u00e5 plats om det inte finns n\u00e5gra Styr &amp; St\u00e4ll-cyklar i n\u00e4rheten av din arbetsplats.<\/p>\n<p>[\/vc_column_text][\/vc_column_inner][\/vc_row_inner][\/vc_column][\/vc_row][vc_row][vc_column][vc_column_text css=&#8221;&#8221;]<\/p>\n<h2 style=\"text-align: center;\">Kontakta oss och bli f\u00f6retagskund<\/h2>\n<p>[\/vc_column_text][vc_column_text css=&#8221;&#8221;]\n<div class=\"wpcf7 no-js\" id=\"wpcf7-f234-o1\" lang=\"sv-SE\" dir=\"ltr\" data-wpcf7-id=\"234\">\n<div class=\"screen-reader-response\"><p role=\"status\" aria-live=\"polite\" aria-atomic=\"true\"><\/p> <ul><\/ul><\/div>\n<form action=\"\/sv\/wp-json\/wp\/v2\/pages\/239#wpcf7-f234-o1\" method=\"post\" class=\"wpcf7-form init\" aria-label=\"Kontaktformul\u00e4r\" novalidate=\"novalidate\" data-status=\"init\">\n<fieldset class=\"hidden-fields-container\"><input type=\"hidden\" name=\"_wpcf7\" value=\"234\" \/><input type=\"hidden\" name=\"_wpcf7_version\" value=\"6.1.5\" \/><input type=\"hidden\" name=\"_wpcf7_locale\" value=\"sv_SE\" \/><input type=\"hidden\" name=\"_wpcf7_unit_tag\" value=\"wpcf7-f234-o1\" \/><input type=\"hidden\" name=\"_wpcf7_container_post\" value=\"0\" \/><input type=\"hidden\" name=\"_wpcf7_posted_data_hash\" value=\"\" \/>\n<\/fieldset>\n<p><label> Ditt namn*<br \/>\n<span class=\"wpcf7-form-control-wrap\" data-name=\"your-name\"><input size=\"40\" maxlength=\"400\" class=\"wpcf7-form-control wpcf7-text wpcf7-validates-as-required\" autocomplete=\"name\" aria-required=\"true\" aria-invalid=\"false\" value=\"\" type=\"text\" name=\"your-name\" \/><\/span> <\/label>\n<\/p>\n<p><label> Ditt f\u00f6retag<br \/>\n<span class=\"wpcf7-form-control-wrap\" data-name=\"your-name\"><input size=\"40\" maxlength=\"400\" class=\"wpcf7-form-control wpcf7-text wpcf7-validates-as-required\" autocomplete=\"name\" aria-required=\"true\" aria-invalid=\"false\" value=\"\" type=\"text\" name=\"your-name\" \/><\/span> <\/label>\n<\/p>\n<p><label> Din e-postadress*<br \/>\n<span class=\"wpcf7-form-control-wrap\" data-name=\"your-email\"><input size=\"40\" maxlength=\"400\" class=\"wpcf7-form-control wpcf7-email wpcf7-validates-as-required wpcf7-text wpcf7-validates-as-email\" autocomplete=\"email\" aria-required=\"true\" aria-invalid=\"false\" value=\"\" type=\"email\" name=\"your-email\" \/><\/span> <\/label>\n<\/p>\n<p><label> Ditt meddelande*<br \/>\n<span class=\"wpcf7-form-control-wrap\" data-name=\"your-message\"><textarea cols=\"40\" rows=\"10\" maxlength=\"2000\" class=\"wpcf7-form-control wpcf7-textarea wpcf7-validates-as-required\" aria-required=\"true\" aria-invalid=\"false\" name=\"your-message\"><\/textarea><\/span> <\/label>\n<\/p>\n<p>Ange koden:<br \/>\n<input type=\"hidden\" name=\"_wpcf7_captcha_challenge_captcha-1\" value=\"107375920\" \/><img loading=\"lazy\" decoding=\"async\" class=\"wpcf7-form-control wpcf7-captchac wpcf7-captcha-captcha-1\" width=\"72\" height=\"24\" alt=\"captcha\" src=\"https:\/\/styrochstall.se\/wp-content\/uploads\/sites\/92\/wpcf7_captcha\/107375920.png\" \/><span class=\"wpcf7-form-control-wrap\" data-name=\"captcha-1\"><input size=\"40\" class=\"wpcf7-form-control wpcf7-captchar\" autocomplete=\"off\" aria-invalid=\"false\" value=\"\" type=\"text\" name=\"captcha-1\" \/><\/span>\n<\/p>\n<p><input class=\"wpcf7-form-control wpcf7-submit has-spinner\" type=\"submit\" value=\"Skicka\" \/>\n<\/p><div class=\"wpcf7-response-output\" aria-live=\"assertive\"><\/div>\n<\/form>\n<\/div>\n[\/vc_column_text][\/vc_column][\/vc_row]<\/p>\n<\/div>","protected":false},"excerpt":{"rendered":"<p>[vc_row][vc_column][vc_column_text css=&#8221;&#8221;] F\u00f6retagserbjudande [\/vc_column_text][vc_row_inner][vc_column_inner width=&#8221;1\/4&#8243;][vc_icon icon_fontawesome=&#8221;fa fa-solid fa-leaf&#8221; color=&#8221;custom&#8221; background_style=&#8221;rounded&#8221; background_color=&#8221;custom&#8221; align=&#8221;center&#8221; css=&#8221;&#8221; custom_color=&#8221;#006975&#8243; custom_background_color=&#8221;#CCEEF1&#8243;][vc_column_text css=&#8221;&#8221;] Vi erbjuder h\u00e5llbar mobilitet f\u00f6r arbetsplatser i G\u00f6teborg och M\u00f6lndal. [\/vc_column_text][\/vc_column_inner][vc_column_inner width=&#8221;1\/4&#8243;][vc_icon icon_fontawesome=&#8221;fa fa-solid fa-person-biking&#8221; color=&#8221;custom&#8221; background_style=&#8221;rounded&#8221; background_color=&#8221;custom&#8221; align=&#8221;center&#8221; css=&#8221;&#8221; custom_color=&#8221;#006975&#8243; custom_background_color=&#8221;#CCEEF1&#8243;][vc_column_text css=&#8221;&#8221;] Vi erbjuder tillg\u00e5ng till 1750 cyklar p\u00e5 135 stationer. [\/vc_column_text][\/vc_column_inner][vc_column_inner width=&#8221;1\/4&#8243;][vc_icon icon_fontawesome=&#8221;fa fa-solid fa-toolbox&#8221; color=&#8221;custom&#8221; background_style=&#8221;rounded&#8221; [&hellip;]<\/p>\n","protected":false},"author":13,"featured_media":0,"parent":0,"menu_order":0,"comment_status":"closed","ping_status":"closed","template":"page-bubble.php","meta":{"_acf_changed":false,"inline_featured_image":false,"footnotes":""},"class_list":["post-239","page","type-page","status-publish","hentry"],"acf":[],"yoast_head":"<!-- This site is optimized with the Yoast SEO plugin v27.2 - https:\/\/yoast.com\/product\/yoast-seo-wordpress\/ -->\n<title>BUSINESSbike<\/title>\n<meta name=\"description\" content=\"cH\u00e5llbar mobilitet f\u00f6r dina anst\u00e4llda i G\u00f6teborg och M\u00f6lndal. F\u00e5 ditt erbjudande nu!\" \/>\n<meta name=\"robots\" content=\"index, follow, max-snippet:-1, max-image-preview:large, max-video-preview:-1\" \/>\n<link rel=\"canonical\" href=\"https:\/\/styrochstall.se\/sv\/foretagserbjudande\/\" \/>\n<meta property=\"og:locale\" content=\"sv_SE\" \/>\n<meta property=\"og:type\" content=\"article\" \/>\n<meta property=\"og:title\" content=\"BUSINESSbike\" \/>\n<meta property=\"og:description\" content=\"cH\u00e5llbar mobilitet f\u00f6r dina anst\u00e4llda i G\u00f6teborg och M\u00f6lndal. F\u00e5 ditt erbjudande nu!\" \/>\n<meta property=\"og:url\" content=\"https:\/\/styrochstall.se\/sv\/foretagserbjudande\/\" \/>\n<meta property=\"og:site_name\" content=\"Styr&amp;St\u00e4ll\" \/>\n<meta property=\"article:modified_time\" content=\"2026-01-21T10:59:19+00:00\" \/>\n<meta name=\"twitter:card\" content=\"summary_large_image\" \/>\n<meta name=\"twitter:label1\" content=\"Ber\u00e4knad l\u00e4stid\" \/>\n\t<meta name=\"twitter:data1\" content=\"1 minut\" \/>\n<script type=\"application\/ld+json\" class=\"yoast-schema-graph\">{\"@context\":\"https:\/\/schema.org\",\"@graph\":[{\"@type\":\"WebPage\",\"@id\":\"https:\/\/styrochstall.se\/sv\/foretagserbjudande\/\",\"url\":\"https:\/\/styrochstall.se\/sv\/foretagserbjudande\/\",\"name\":\"BUSINESSbike\",\"isPartOf\":{\"@id\":\"https:\/\/styrochstall.se\/sv\/#website\"},\"datePublished\":\"2025-12-08T12:26:46+00:00\",\"dateModified\":\"2026-01-21T10:59:19+00:00\",\"description\":\"cH\u00e5llbar mobilitet f\u00f6r dina anst\u00e4llda i G\u00f6teborg och M\u00f6lndal. F\u00e5 ditt erbjudande nu!\",\"breadcrumb\":{\"@id\":\"https:\/\/styrochstall.se\/sv\/foretagserbjudande\/#breadcrumb\"},\"inLanguage\":\"sv-SE\",\"potentialAction\":[{\"@type\":\"ReadAction\",\"target\":[\"https:\/\/styrochstall.se\/sv\/foretagserbjudande\/\"]}]},{\"@type\":\"BreadcrumbList\",\"@id\":\"https:\/\/styrochstall.se\/sv\/foretagserbjudande\/#breadcrumb\",\"itemListElement\":[{\"@type\":\"ListItem\",\"position\":1,\"name\":\"Startseite\",\"item\":\"https:\/\/styrochstall.se\/sv\/\"},{\"@type\":\"ListItem\",\"position\":2,\"name\":\"F\u00f6retagserbjudande\"}]},{\"@type\":\"WebSite\",\"@id\":\"https:\/\/styrochstall.se\/sv\/#website\",\"url\":\"https:\/\/styrochstall.se\/sv\/\",\"name\":\"Styr&St\u00e4ll\",\"description\":\"Bike Sharing by nextbike\",\"potentialAction\":[{\"@type\":\"SearchAction\",\"target\":{\"@type\":\"EntryPoint\",\"urlTemplate\":\"https:\/\/styrochstall.se\/sv\/?s={search_term_string}\"},\"query-input\":{\"@type\":\"PropertyValueSpecification\",\"valueRequired\":true,\"valueName\":\"search_term_string\"}}],\"inLanguage\":\"sv-SE\"}]}<\/script>\n<!-- \/ Yoast SEO plugin. -->","yoast_head_json":{"title":"BUSINESSbike","description":"cH\u00e5llbar mobilitet f\u00f6r dina anst\u00e4llda i G\u00f6teborg och M\u00f6lndal. F\u00e5 ditt erbjudande nu!","robots":{"index":"index","follow":"follow","max-snippet":"max-snippet:-1","max-image-preview":"max-image-preview:large","max-video-preview":"max-video-preview:-1"},"canonical":"https:\/\/styrochstall.se\/sv\/foretagserbjudande\/","og_locale":"sv_SE","og_type":"article","og_title":"BUSINESSbike","og_description":"cH\u00e5llbar mobilitet f\u00f6r dina anst\u00e4llda i G\u00f6teborg och M\u00f6lndal. F\u00e5 ditt erbjudande nu!","og_url":"https:\/\/styrochstall.se\/sv\/foretagserbjudande\/","og_site_name":"Styr&St\u00e4ll","article_modified_time":"2026-01-21T10:59:19+00:00","twitter_card":"summary_large_image","twitter_misc":{"Ber\u00e4knad l\u00e4stid":"1 minut"},"schema":{"@context":"https:\/\/schema.org","@graph":[{"@type":"WebPage","@id":"https:\/\/styrochstall.se\/sv\/foretagserbjudande\/","url":"https:\/\/styrochstall.se\/sv\/foretagserbjudande\/","name":"BUSINESSbike","isPartOf":{"@id":"https:\/\/styrochstall.se\/sv\/#website"},"datePublished":"2025-12-08T12:26:46+00:00","dateModified":"2026-01-21T10:59:19+00:00","description":"cH\u00e5llbar mobilitet f\u00f6r dina anst\u00e4llda i G\u00f6teborg och M\u00f6lndal. F\u00e5 ditt erbjudande nu!","breadcrumb":{"@id":"https:\/\/styrochstall.se\/sv\/foretagserbjudande\/#breadcrumb"},"inLanguage":"sv-SE","potentialAction":[{"@type":"ReadAction","target":["https:\/\/styrochstall.se\/sv\/foretagserbjudande\/"]}]},{"@type":"BreadcrumbList","@id":"https:\/\/styrochstall.se\/sv\/foretagserbjudande\/#breadcrumb","itemListElement":[{"@type":"ListItem","position":1,"name":"Startseite","item":"https:\/\/styrochstall.se\/sv\/"},{"@type":"ListItem","position":2,"name":"F\u00f6retagserbjudande"}]},{"@type":"WebSite","@id":"https:\/\/styrochstall.se\/sv\/#website","url":"https:\/\/styrochstall.se\/sv\/","name":"Styr&St\u00e4ll","description":"Bike Sharing by nextbike","potentialAction":[{"@type":"SearchAction","target":{"@type":"EntryPoint","urlTemplate":"https:\/\/styrochstall.se\/sv\/?s={search_term_string}"},"query-input":{"@type":"PropertyValueSpecification","valueRequired":true,"valueName":"search_term_string"}}],"inLanguage":"sv-SE"}]}},"_links":{"self":[{"href":"https:\/\/styrochstall.se\/sv\/wp-json\/wp\/v2\/pages\/239","targetHints":{"allow":["GET"]}}],"collection":[{"href":"https:\/\/styrochstall.se\/sv\/wp-json\/wp\/v2\/pages"}],"about":[{"href":"https:\/\/styrochstall.se\/sv\/wp-json\/wp\/v2\/types\/page"}],"author":[{"embeddable":true,"href":"https:\/\/styrochstall.se\/sv\/wp-json\/wp\/v2\/users\/13"}],"replies":[{"embeddable":true,"href":"https:\/\/styrochstall.se\/sv\/wp-json\/wp\/v2\/comments?post=239"}],"version-history":[{"count":3,"href":"https:\/\/styrochstall.se\/sv\/wp-json\/wp\/v2\/pages\/239\/revisions"}],"predecessor-version":[{"id":254,"href":"https:\/\/styrochstall.se\/sv\/wp-json\/wp\/v2\/pages\/239\/revisions\/254"}],"wp:attachment":[{"href":"https:\/\/styrochstall.se\/sv\/wp-json\/wp\/v2\/media?parent=239"}],"curies":[{"name":"wp","href":"https:\/\/api.w.org\/{rel}","templated":true}]}}