{"id":123,"date":"2022-08-11T12:13:00","date_gmt":"2022-08-11T10:13:00","guid":{"rendered":"https:\/\/nextbike-live.pluspol-networks.de\/styr-staell\/startseite\/"},"modified":"2025-11-12T13:53:54","modified_gmt":"2025-11-12T12:53:54","slug":"startseite","status":"publish","type":"page","link":"https:\/\/styrochstall.se\/sv\/","title":{"rendered":"Startseite"},"content":{"rendered":"<div class=\"wpb-content-wrapper\"><p>[vc_row ppi_row_padding=&#8221;ppi_remove_padding_top,ppi_remove_padding_bottom&#8221; full_width=&#8221;stretch_row_content_no_spaces&#8221; el_class=&#8221;stage-row&#8221;][vc_column]<div class=\"nextbike stage\">\n                    <div class=\"stage__wrapper\">\n                        <div class=\"container\">\n                            <div class=\"stage__content\"><span class=\"h3\">L\u00e5necyklar i G\u00f6teborg och M\u00f6lndal<\/span><h1>Ladda ner nextbike appen<\/h1><div class=\"stage__content__stores\"><a class=\"nb-appstore-btn\" aria-label=\"Apple App Store\" href=\"https:\/\/apps.apple.com\/de\/app\/nextbike\/id504288371\" target=\"_blank\" data-custom-link=\"false\"><img decoding=\"async\" width=\"200px\" height=\"59px\" alt=\"Apple App Store\" src=\"https:\/\/styrochstall.se\/wp-content\/uploads\/2022\/07\/apple-logo.svg\" \/><\/a><a class=\"nb-appstore-btn\" aria-label=\"Google App Store\" href=\"https:\/\/play.google.com\/store\/apps\/details?id=de.nextbike\" target=\"_blank\" data-custom-link=\"false\"><img decoding=\"async\" width=\"200px\" height=\"59px\" alt=\"Google App Store\" src=\"https:\/\/styrochstall.se\/wp-content\/uploads\/2022\/07\/google-logo.svg\" \/><\/a><a class=\"nb-appstore-btn\" aria-label=\"Huawei App Store\" href=\"https:\/\/appgallery.huawei.com\/#\/app\/C102537239\" target=\"_blank\" data-custom-link=\"false\"><img decoding=\"async\" width=\"200px\" height=\"59px\" alt=\"Huawei App Store\" src=\"https:\/\/styrochstall.se\/wp-content\/uploads\/2022\/07\/huawei-logo.svg\" \/><\/a><\/div>\n                            <\/div>\n                        <\/div><div role=\"img\" aria-label=\"Missing alt text\" class=\"stage__parallax parallax-speed5 show-for-md\" style=\"background-image: url(https:\/\/styrochstall.se\/wp-content\/uploads\/2024\/04\/sun_background_optimized-1.svg)\"><\/div>\n                   <div role=\"img\" aria-label=\"Missing alt text\" class=\"stage__parallax parallax-speed4 show-for-md\" style=\"background-image: url(https:\/\/styrochstall.se\/wp-content\/uploads\/2023\/03\/City_background.svg)\"><\/div>\n                   <div role=\"img\" aria-label=\"\" class=\"stage__parallax parallax-speed3 show-for-md\" style=\"background-image: url(https:\/\/styrochstall.se\/wp-content\/uploads\/sites\/92\/2025\/12\/header_LAYER-3-1.svg)\"><\/div>\n                   <div role=\"img\" aria-label=\"\" class=\"stage__parallax parallax-speed2 show-for-md\" style=\"background-image: url(https:\/\/styrochstall.se\/wp-content\/uploads\/sites\/92\/2025\/12\/header_LAYER-2.svg)\"><\/div>\n                   <div role=\"img\" aria-label=\"\" class=\"stage__parallax parallax-speed1 show-for-md\" style=\"background-image: url(https:\/\/styrochstall.se\/wp-content\/uploads\/sites\/92\/2025\/12\/header_LAYER-1.svg)\"><\/div><img decoding=\"async\" class=\"stage__mobile hide-for-md\" src=\"https:\/\/styrochstall.se\/wp-content\/uploads\/sites\/92\/2025\/12\/Mobile_header_static.svg\" alt=\"\" \/><\/div>\n                <\/div>[\/vc_column][\/vc_row][vc_row ppi_row_padding=&#8221;ppi_remove_padding_top&#8221;][vc_column]<div class=\"nextbike mockups\"><div class=\"mockups__item\">\n    <div class=\"mockups__item__container\">\n                <div class=\"mockups__item__image mockups__item__image__left\">\n                        <div class=\"mockups__item__image__img\">\n                <img loading=\"lazy\" decoding=\"async\" width=\"548\" height=\"858\" src=\"https:\/\/styrochstall.se\/wp-content\/uploads\/sites\/92\/2025\/12\/Phone-Mockup-Map-Active-Ride.png\" class=\"attachment-nex-sm size-nex-sm\" alt=\"\" srcset=\"https:\/\/styrochstall.se\/wp-content\/uploads\/sites\/92\/2025\/12\/Phone-Mockup-Map-Active-Ride.png 548w, https:\/\/styrochstall.se\/wp-content\/uploads\/sites\/92\/2025\/12\/Phone-Mockup-Map-Active-Ride-192x300.png 192w, https:\/\/styrochstall.se\/wp-content\/uploads\/sites\/92\/2025\/12\/Phone-Mockup-Map-Active-Ride-480x752.png 480w, https:\/\/styrochstall.se\/wp-content\/uploads\/sites\/92\/2025\/12\/Phone-Mockup-Map-Active-Ride-89x140.png 89w, https:\/\/styrochstall.se\/wp-content\/uploads\/sites\/92\/2025\/12\/Phone-Mockup-Map-Active-Ride-64x100.png 64w\" sizes=\"auto, (max-width: 548px) 100vw, 548px\" \/>            <\/div>\n                                                            <div class=\"mockups__item__image__bg parallax\">\n                        <img loading=\"lazy\" decoding=\"async\" width=\"550\" height=\"800\" src=\"https:\/\/styrochstall.se\/wp-content\/uploads\/sites\/92\/2025\/12\/bubble-MAP.svg\" class=\"attachment-nex-md size-nex-md\" alt=\"\" \/>                    <\/div>\n                                    <\/div>\n                        <div class=\"mockups__item__content mockups__item__content__left\">\n                        <h2 class=\"h3 mockups__item__headline\">\n                Styr &amp; St\u00e4ll            <\/h2>\n                                    <p class=\"mockups__item__text\">\n                Ta cykeln fr\u00e5n t\u00e5gstationen till kontoret eller skippa bilen f\u00f6r en g\u00e5ngs skull. Ta en sp\u00e5rvagn i regnet men trampa tillbaka p\u00e5 en cykel i solen - var flexibel och cykla den sista str\u00e4ckan mellan kollektivtrafiken och din destination med Styr & St\u00e4ll.            <\/p>\n                                    <a href=\"#fordelar\" target=\"_self\" title=\"F\u00f6rdelar\" class=\"mockups__item__link\" >\n                F\u00f6rdelar            <\/a>\n                    <\/div>\n            <\/div>\n<\/div>\n<div class=\"mockups__item\">\n    <div class=\"mockups__item__container\">\n                <div class=\"mockups__item__image mockups__item__image__right\">\n                        <div class=\"mockups__item__image__img\">\n                <img loading=\"lazy\" decoding=\"async\" width=\"633\" height=\"827\" src=\"https:\/\/styrochstall.se\/wp-content\/uploads\/2025\/04\/Phone-Mockup-QR-Code-Scanner.png\" class=\"attachment-nex-sm size-nex-sm\" alt=\"\" srcset=\"https:\/\/styrochstall.se\/wp-content\/uploads\/2025\/04\/Phone-Mockup-QR-Code-Scanner.png 633w, https:\/\/styrochstall.se\/wp-content\/uploads\/2025\/04\/Phone-Mockup-QR-Code-Scanner-230x300.png 230w, https:\/\/styrochstall.se\/wp-content\/uploads\/2025\/04\/Phone-Mockup-QR-Code-Scanner-480x627.png 480w, https:\/\/styrochstall.se\/wp-content\/uploads\/2025\/04\/Phone-Mockup-QR-Code-Scanner-107x140.png 107w, https:\/\/styrochstall.se\/wp-content\/uploads\/2025\/04\/Phone-Mockup-QR-Code-Scanner-77x100.png 77w\" sizes=\"auto, (max-width: 633px) 100vw, 633px\" \/>            <\/div>\n                                                            <div class=\"mockups__item__image__bg parallax\">\n                        <img loading=\"lazy\" decoding=\"async\" width=\"550\" height=\"800\" src=\"https:\/\/styrochstall.se\/wp-content\/uploads\/sites\/92\/2025\/12\/bubble-SCAN.svg\" class=\"attachment-nex-md size-nex-md\" alt=\"\" \/>                    <\/div>\n                                    <\/div>\n                        <div class=\"mockups__item__content mockups__item__content__right\">\n                        <h2 class=\"h3 mockups__item__headline\">\n                Hyra och \u00e5terl\u00e4mna            <\/h2>\n                                    <p class=\"mockups__item__text\">\n                Det \u00e4r enkelt att anv\u00e4nda och tar dig dit snabbt.            <\/p>\n                                    <a href=\"#sa-fungerar-det\" target=\"_self\" title=\"S\u00e5 h\u00e4r fungerar det\" class=\"mockups__item__link\" >\n                S\u00e5 h\u00e4r fungerar det            <\/a>\n                    <\/div>\n            <\/div>\n<\/div>\n<div class=\"mockups__item\">\n    <div class=\"mockups__item__container\">\n                <div class=\"mockups__item__image mockups__item__image__left\">\n                        <div class=\"mockups__item__image__img\">\n                <img loading=\"lazy\" decoding=\"async\" width=\"499\" height=\"762\" src=\"https:\/\/styrochstall.se\/wp-content\/uploads\/sites\/92\/2025\/12\/Phone-Mockup-Ride-Complete.png\" class=\"attachment-nex-sm size-nex-sm\" alt=\"\" srcset=\"https:\/\/styrochstall.se\/wp-content\/uploads\/sites\/92\/2025\/12\/Phone-Mockup-Ride-Complete.png 499w, https:\/\/styrochstall.se\/wp-content\/uploads\/sites\/92\/2025\/12\/Phone-Mockup-Ride-Complete-196x300.png 196w, https:\/\/styrochstall.se\/wp-content\/uploads\/sites\/92\/2025\/12\/Phone-Mockup-Ride-Complete-480x733.png 480w, https:\/\/styrochstall.se\/wp-content\/uploads\/sites\/92\/2025\/12\/Phone-Mockup-Ride-Complete-92x140.png 92w, https:\/\/styrochstall.se\/wp-content\/uploads\/sites\/92\/2025\/12\/Phone-Mockup-Ride-Complete-65x100.png 65w\" sizes=\"auto, (max-width: 499px) 100vw, 499px\" \/>            <\/div>\n                                                            <div class=\"mockups__item__image__bg parallax\">\n                        <img loading=\"lazy\" decoding=\"async\" width=\"550\" height=\"800\" src=\"https:\/\/styrochstall.se\/wp-content\/uploads\/sites\/92\/2025\/12\/bubble-APP.svg\" class=\"attachment-nex-md size-nex-md\" alt=\"\" \/>                    <\/div>\n                                    <\/div>\n                        <div class=\"mockups__item__content mockups__item__content__left\">\n                        <h2 class=\"h3 mockups__item__headline\">\n                Prisv\u00e4rd och h\u00e5llbar            <\/h2>\n                                    <p class=\"mockups__item__text\">\n                Njut av en tyst resa med nollutsl\u00e4pp. Kom ig\u00e5ng f\u00f6r bara 20 SEK!            <\/p>\n                                    <a href=\"#priser\" target=\"_self\" title=\"V\u00e5ra priser\" class=\"mockups__item__link\" >\n                V\u00e5ra priser            <\/a>\n                    <\/div>\n            <\/div>\n<\/div>\n<\/div>[\/vc_column][\/vc_row][vc_row ppi_row_type=&#8221;ppi_bg_grey&#8221; full_width=&#8221;stretch_row&#8221; el_id=&#8221;sa-fungerar-det&#8221;][vc_column]<div class=\"nextbike how-its-done\">\n    <h2>S\u00e5 h\u00e4r fungerar det<\/h2>\n\n\n\n<div class=\"how-its-done__container\">\n                        <div class=\"how-its-done__ctab how-its-done__ctab__tab1 how-its-done__ctab__current\" data-ctab=\"tab1\">\n                <div class=\"how-its-done__image\">\n                    <img loading=\"lazy\" decoding=\"async\" width=\"400\" height=\"400\" src=\"https:\/\/styrochstall.se\/wp-content\/uploads\/sites\/92\/2025\/12\/Fork_Lock.svg\" class=\"attachment-nex-md size-nex-md\" alt=\"\" \/>                <\/div>\n                <div class=\"how-its-done__content\">\n                                            <h3 class=\"h5\">REGISTRERING<\/h3>\n                                                                <p>Registreringen \u00e4r kostnadsfri. F\u00f6r att verifiera ditt konto kr\u00e4vs en deposition p\u00e5 10 SEK som kommer att bli kredit att anv\u00e4nda senare.  <\/p>\n                                                                <h3 class=\"h5\">UTHYRNING<\/h3>\n                                                                <p>Skanna QR-koden. Du kommer att f\u00e5 en fyrsiffrig kod. Sl\u00e5 in den p\u00e5 cykeldatorn och tryck OK.<\/p>\n                                                                <h3 class=\"h5\">PARKERINGSL\u00c4GE<\/h3>\n                                                                <p>Du kan parkera din cykel genom att trycka P p\u00e5 cykeldatorn och l\u00e5sa cykeln. Din hyrperiod forts\u00e4tter medan cykeln \u00e4r parkerad. F\u00f6r att forts\u00e4tta din resa, ange l\u00e5skoden p\u00e5 cykeldatorn igen och tryck p\u00e5 OK. L\u00e5set kommer d\u00e5 att \u00f6ppnas.<\/p>\n                                                                <h3 class=\"h5\">\u00c5TERL\u00c4MNING<\/h3>\n                                                                <p>\u00c5terl\u00e4mna din cykel vid en officiel station och l\u00e5s cykeln. Om du \u00e5terl\u00e4mnar din cykel utanf\u00f6r en station debiteras en serviceavgift p\u00e5 minst 200 kr.<\/p>\n                                    <\/div>\n            <\/div>\n                                                            <\/div>\n<\/div>[\/vc_column][\/vc_row][vc_row el_id=&#8221;priser&#8221;][vc_column]<div class=\"nextbike tariffs\"><h2>V\u00e5ra priser<\/h2><div class=\"tariffs__text\"><p>Du kan hyra upp till fyra cyklar med ett kundkonto. Abonnemang och s\u00e4rskilda villkor g\u00e4ller dock endast f\u00f6r den f\u00f6rsta cykeln.<\/p>\n<p>Studenter f\u00e5r 25 procent rabatt p\u00e5 \u00e5rskort och betalar 225 SEK. Bes\u00f6k\u00a0<a href=\"https:\/\/mecenat.com\/se\/styr-och-stall\/\" target=\"_blank\" rel=\"noopener\">Mecenat<\/a>\u00a0f\u00f6r att ta del av erbjudandet!<\/p>\n<\/p><\/div><div class=\"tariffs__tabs tariffs__tabs__hidden\"><a role=\"button\" href=\"#\" class=\"tariffs__tab tariffs__tab__current\" data-tab=\"Standard\">Standard<\/a><\/div><div class=\"tariffs__contents\"><div class=\"tariffs__content  tariffs__content__current\" data-content=\"Standard\"><div class=\"tariffs__content__card\">\n    <span class=\"h5\" role=\"heading\">F\u00f6r tillf\u00e4lliga resen\u00e4rer<\/span>\n    <h3 class=\"h2\">Enkelbiljett<\/h3>\n    <h4 class=\"h3\">20 kronor\/30 min<\/h4>\n    <p><p>Du reser med enkelbiljett om du inte har n\u00e5got abonnemang.<\/p>\n<\/p>\n<\/div>\n<div class=\"tariffs__content__card\">\n    <span class=\"h5\" role=\"heading\">f\u00f6r frekventa anv\u00e4ndare<\/span>\n    <h3 class=\"h2\">M\u00e5nadskort<\/h3>\n    <h4 class=\"h3\">90 kronor\/m\u00e5nad<\/h4>\n    <p><p><strong>De f\u00f6rsta 60 minuterna per resa ing\u00e5r.<\/strong><\/p>\n<p>Varje ytterligare 30 minuter kostar 10 kronor.<\/p>\n<\/p>\n<\/div>\n<div class=\"tariffs__content__card\">\n    <span class=\"h5\" role=\"heading\">f\u00f6r riktiga entusiaster<\/span>\n    <h3 class=\"h2\">\u00c5rskort<\/h3>\n    <h4 class=\"h3\">300 kronor\/\u00e5r<\/h4>\n    <p><p><strong>De f\u00f6rsta 60 minuterna per resa ing\u00e5r.<\/strong><\/p>\n<p>Varje ytterligare 30 minuter kostar 10 kronor.<\/p>\n<\/p>\n<\/div>\n<\/div><\/div><\/div>[\/vc_column][\/vc_row][vc_row full_width=&#8221;stretch_row_content_no_spaces&#8221; disable_element=&#8221;yes&#8221;][vc_column][\/vc_column][\/vc_row][vc_row ppi_row_padding=&#8221;ppi_remove_padding_bottom&#8221; full_width=&#8221;stretch_row_content_no_spaces&#8221; el_id=&#8221;fordelar&#8221;][vc_column]<div class=\"nextbike slider\">\n            <div class=\"slider__black\">\n            <h2 class=\"h1\">H\u00e5llbar mobilitet genom G\u00f6teborg<\/h2>\n        <\/div>\n        <div class=\"full-width-slider\">\n                        <div class=\"slider__slide center\">\n                    <img loading=\"lazy\" decoding=\"async\" width=\"1120\" height=\"746\" src=\"https:\/\/styrochstall.se\/wp-content\/uploads\/sites\/92\/2025\/11\/Bild-3.jpg\" class=\"attachment-nex-max size-nex-max wp-post-image\" alt=\"\" srcset=\"https:\/\/styrochstall.se\/wp-content\/uploads\/sites\/92\/2025\/11\/Bild-3.jpg 1120w, https:\/\/styrochstall.se\/wp-content\/uploads\/sites\/92\/2025\/11\/Bild-3-300x200.jpg 300w, https:\/\/styrochstall.se\/wp-content\/uploads\/sites\/92\/2025\/11\/Bild-3-1024x682.jpg 1024w, https:\/\/styrochstall.se\/wp-content\/uploads\/sites\/92\/2025\/11\/Bild-3-768x512.jpg 768w, https:\/\/styrochstall.se\/wp-content\/uploads\/sites\/92\/2025\/11\/Bild-3-992x661.jpg 992w, https:\/\/styrochstall.se\/wp-content\/uploads\/sites\/92\/2025\/11\/Bild-3-480x320.jpg 480w, https:\/\/styrochstall.se\/wp-content\/uploads\/sites\/92\/2025\/11\/Bild-3-210x140.jpg 210w, https:\/\/styrochstall.se\/wp-content\/uploads\/sites\/92\/2025\/11\/Bild-3-150x100.jpg 150w\" sizes=\"auto, (max-width: 1120px) 100vw, 1120px\" \/>                                            <div class=\"slider__slide__overlay\" style=\"background-color: #00000052;\"><\/div>\n                                        <div class=\"slider__slide__inner container\">\n                        <h3 class=\"h2\">Mobil med nextbike<\/h3>                        <h4 class=\"h3\">nextbike driver cykeluthyrningssystem i mer \u00e4n 400 st\u00e4der i Europa. Bli en del av gemenskapen!<\/h4>                                            <\/div>\n                <\/div>\n                <\/div>\n<\/div>\n[\/vc_column][\/vc_row]<\/p>\n<\/div>","protected":false},"excerpt":{"rendered":"<p>[vc_row ppi_row_padding=&#8221;ppi_remove_padding_top,ppi_remove_padding_bottom&#8221; full_width=&#8221;stretch_row_content_no_spaces&#8221; el_class=&#8221;stage-row&#8221;][vc_column][\/vc_column][\/vc_row][vc_row ppi_row_padding=&#8221;ppi_remove_padding_top&#8221;][vc_column][\/vc_column][\/vc_row][vc_row ppi_row_type=&#8221;ppi_bg_grey&#8221; full_width=&#8221;stretch_row&#8221; el_id=&#8221;sa-fungerar-det&#8221;][vc_column][\/vc_column][\/vc_row][vc_row el_id=&#8221;priser&#8221;][vc_column][\/vc_column][\/vc_row][vc_row full_width=&#8221;stretch_row_content_no_spaces&#8221; disable_element=&#8221;yes&#8221;][vc_column][\/vc_column][\/vc_row][vc_row ppi_row_padding=&#8221;ppi_remove_padding_bottom&#8221; full_width=&#8221;stretch_row_content_no_spaces&#8221; el_id=&#8221;fordelar&#8221;][vc_column][\/vc_column][\/vc_row]<\/p>\n","protected":false},"author":5,"featured_media":0,"parent":0,"menu_order":0,"comment_status":"closed","ping_status":"closed","template":"","meta":{"_acf_changed":false,"inline_featured_image":false,"footnotes":""},"class_list":["post-123","page","type-page","status-publish","hentry"],"acf":[],"yoast_head":"<!-- This site is optimized with the Yoast SEO plugin v27.2 - https:\/\/yoast.com\/product\/yoast-seo-wordpress\/ -->\n<title>Cykeldelning i G\u00f6teborg | Styr &amp; St\u00e4ll<\/title>\n<meta name=\"description\" content=\"Hyr en cykel enkelt via appen, oavsett om det \u00e4r f\u00f6r en halvtimme eller hela dagen. N\u00e4sta cykel finns precis runt h\u00f6rnet. Registrera dig nu!\" \/>\n<meta name=\"robots\" content=\"index, follow, max-snippet:-1, max-image-preview:large, max-video-preview:-1\" \/>\n<link rel=\"canonical\" href=\"https:\/\/styrochstall.se\/sv\/\" \/>\n<meta property=\"og:locale\" content=\"sv_SE\" \/>\n<meta property=\"og:type\" content=\"article\" \/>\n<meta property=\"og:title\" content=\"Cykeldelning i G\u00f6teborg | Styr &amp; St\u00e4ll\" \/>\n<meta property=\"og:description\" content=\"Hyr en cykel enkelt via appen, oavsett om det \u00e4r f\u00f6r en halvtimme eller hela dagen. N\u00e4sta cykel finns precis runt h\u00f6rnet. Registrera dig nu!\" \/>\n<meta property=\"og:url\" content=\"https:\/\/styrochstall.se\/sv\/\" \/>\n<meta property=\"og:site_name\" content=\"Styr&amp;St\u00e4ll\" \/>\n<meta property=\"article:modified_time\" content=\"2025-11-12T12:53:54+00:00\" \/>\n<meta name=\"twitter:card\" content=\"summary_large_image\" \/>\n<meta name=\"twitter:label1\" content=\"Ber\u00e4knad l\u00e4stid\" \/>\n\t<meta name=\"twitter:data1\" content=\"1 minut\" \/>\n<script type=\"application\/ld+json\" class=\"yoast-schema-graph\">{\"@context\":\"https:\/\/schema.org\",\"@graph\":[{\"@type\":\"WebPage\",\"@id\":\"https:\/\/styrochstall.se\/sv\/\",\"url\":\"https:\/\/styrochstall.se\/sv\/\",\"name\":\"Cykeldelning i G\u00f6teborg | Styr & St\u00e4ll\",\"isPartOf\":{\"@id\":\"https:\/\/styrochstall.se\/sv\/#website\"},\"datePublished\":\"2022-08-11T10:13:00+00:00\",\"dateModified\":\"2025-11-12T12:53:54+00:00\",\"description\":\"Hyr en cykel enkelt via appen, oavsett om det \u00e4r f\u00f6r en halvtimme eller hela dagen. N\u00e4sta cykel finns precis runt h\u00f6rnet. Registrera dig nu!\",\"breadcrumb\":{\"@id\":\"https:\/\/styrochstall.se\/sv\/#breadcrumb\"},\"inLanguage\":\"sv-SE\",\"potentialAction\":[{\"@type\":\"ReadAction\",\"target\":[\"https:\/\/styrochstall.se\/sv\/\"]}]},{\"@type\":\"BreadcrumbList\",\"@id\":\"https:\/\/styrochstall.se\/sv\/#breadcrumb\",\"itemListElement\":[{\"@type\":\"ListItem\",\"position\":1,\"name\":\"Startseite\",\"item\":\"https:\/\/styrochstall.se\/sv\/\"},{\"@type\":\"ListItem\",\"position\":2,\"name\":\"Startseite\"}]},{\"@type\":\"WebSite\",\"@id\":\"https:\/\/styrochstall.se\/sv\/#website\",\"url\":\"https:\/\/styrochstall.se\/sv\/\",\"name\":\"Styr&St\u00e4ll\",\"description\":\"Bike Sharing by nextbike\",\"potentialAction\":[{\"@type\":\"SearchAction\",\"target\":{\"@type\":\"EntryPoint\",\"urlTemplate\":\"https:\/\/styrochstall.se\/sv\/?s={search_term_string}\"},\"query-input\":{\"@type\":\"PropertyValueSpecification\",\"valueRequired\":true,\"valueName\":\"search_term_string\"}}],\"inLanguage\":\"sv-SE\"}]}<\/script>\n<!-- \/ Yoast SEO plugin. -->","yoast_head_json":{"title":"Cykeldelning i G\u00f6teborg | Styr & St\u00e4ll","description":"Hyr en cykel enkelt via appen, oavsett om det \u00e4r f\u00f6r en halvtimme eller hela dagen. N\u00e4sta cykel finns precis runt h\u00f6rnet. Registrera dig nu!","robots":{"index":"index","follow":"follow","max-snippet":"max-snippet:-1","max-image-preview":"max-image-preview:large","max-video-preview":"max-video-preview:-1"},"canonical":"https:\/\/styrochstall.se\/sv\/","og_locale":"sv_SE","og_type":"article","og_title":"Cykeldelning i G\u00f6teborg | Styr & St\u00e4ll","og_description":"Hyr en cykel enkelt via appen, oavsett om det \u00e4r f\u00f6r en halvtimme eller hela dagen. N\u00e4sta cykel finns precis runt h\u00f6rnet. Registrera dig nu!","og_url":"https:\/\/styrochstall.se\/sv\/","og_site_name":"Styr&St\u00e4ll","article_modified_time":"2025-11-12T12:53:54+00:00","twitter_card":"summary_large_image","twitter_misc":{"Ber\u00e4knad l\u00e4stid":"1 minut"},"schema":{"@context":"https:\/\/schema.org","@graph":[{"@type":"WebPage","@id":"https:\/\/styrochstall.se\/sv\/","url":"https:\/\/styrochstall.se\/sv\/","name":"Cykeldelning i G\u00f6teborg | Styr & St\u00e4ll","isPartOf":{"@id":"https:\/\/styrochstall.se\/sv\/#website"},"datePublished":"2022-08-11T10:13:00+00:00","dateModified":"2025-11-12T12:53:54+00:00","description":"Hyr en cykel enkelt via appen, oavsett om det \u00e4r f\u00f6r en halvtimme eller hela dagen. N\u00e4sta cykel finns precis runt h\u00f6rnet. Registrera dig nu!","breadcrumb":{"@id":"https:\/\/styrochstall.se\/sv\/#breadcrumb"},"inLanguage":"sv-SE","potentialAction":[{"@type":"ReadAction","target":["https:\/\/styrochstall.se\/sv\/"]}]},{"@type":"BreadcrumbList","@id":"https:\/\/styrochstall.se\/sv\/#breadcrumb","itemListElement":[{"@type":"ListItem","position":1,"name":"Startseite","item":"https:\/\/styrochstall.se\/sv\/"},{"@type":"ListItem","position":2,"name":"Startseite"}]},{"@type":"WebSite","@id":"https:\/\/styrochstall.se\/sv\/#website","url":"https:\/\/styrochstall.se\/sv\/","name":"Styr&St\u00e4ll","description":"Bike Sharing by nextbike","potentialAction":[{"@type":"SearchAction","target":{"@type":"EntryPoint","urlTemplate":"https:\/\/styrochstall.se\/sv\/?s={search_term_string}"},"query-input":{"@type":"PropertyValueSpecification","valueRequired":true,"valueName":"search_term_string"}}],"inLanguage":"sv-SE"}]}},"_links":{"self":[{"href":"https:\/\/styrochstall.se\/sv\/wp-json\/wp\/v2\/pages\/123","targetHints":{"allow":["GET"]}}],"collection":[{"href":"https:\/\/styrochstall.se\/sv\/wp-json\/wp\/v2\/pages"}],"about":[{"href":"https:\/\/styrochstall.se\/sv\/wp-json\/wp\/v2\/types\/page"}],"author":[{"embeddable":true,"href":"https:\/\/styrochstall.se\/sv\/wp-json\/wp\/v2\/users\/5"}],"replies":[{"embeddable":true,"href":"https:\/\/styrochstall.se\/sv\/wp-json\/wp\/v2\/comments?post=123"}],"version-history":[{"count":3,"href":"https:\/\/styrochstall.se\/sv\/wp-json\/wp\/v2\/pages\/123\/revisions"}],"predecessor-version":[{"id":154,"href":"https:\/\/styrochstall.se\/sv\/wp-json\/wp\/v2\/pages\/123\/revisions\/154"}],"wp:attachment":[{"href":"https:\/\/styrochstall.se\/sv\/wp-json\/wp\/v2\/media?parent=123"}],"curies":[{"name":"wp","href":"https:\/\/api.w.org\/{rel}","templated":true}]}}