{"id":121,"date":"2022-08-11T12:13:47","date_gmt":"2022-08-11T10:13:47","guid":{"rendered":"https:\/\/nextbike-live.pluspol-networks.de\/styr-staell\/impressum\/"},"modified":"2025-11-12T16:21:11","modified_gmt":"2025-11-12T15:21:11","slug":"avtryck","status":"publish","type":"page","link":"https:\/\/styrochstall.se\/sv\/avtryck\/","title":{"rendered":"Avtryck"},"content":{"rendered":"<div class=\"wpb-content-wrapper\"><p>[vc_row][vc_column][vc_column_text]<h1>Avtryck<\/h1>\n<p><span data-sheets-root=\"1\">nextbike GmbH<br \/>\nKarl-Heine-Stra\u00dfe 46,<br \/>\n04229 Leipzig, Tyskland<\/span><\/p>\n<p><strong>Verkst\u00e4llande direkt\u00f6rer:<br \/>\n<\/strong>Meik Bruhs, Sebastian Popp<\/p>\n<p><strong>Kontakt:<br \/>\n<\/strong>Telefon: +49 (0) 341 3089889-0<br \/>\nFax: +49 (0) 341 3089889-13<br \/>\nE-post: info@nextbike.de<\/p>\n<p><strong>Registrera post:<br \/>\n<\/strong>Registrering i handelsregister.<br \/>\nRegistrering av domstol: Lokal domstol Leipzig<br \/>\nRegisternummer: HRB 43001<\/p>\n<p>Identifikationsnummer f\u00f6r oms\u00e4ttningsskatt: UST-ID: DE367371374<\/p>\n<p>&nbsp;<\/p>\n<p>Tvistl\u00f6sning online enligt artikel 14.1 i ODR-VO: Europeiska kommissionen tillhandah\u00e5ller en plattform f\u00f6r tvistl\u00f6sning online (OS). Du hittar den p\u00e5 <a href=\"http:\/\/ec.europa.eu\/consumers\/odr\/\">http:\/\/ec.europa.eu\/consumers\/odr\/<\/a>.<\/p>\n[\/vc_column_text][\/vc_column][\/vc_row]<\/p>\n<\/div>","protected":false},"excerpt":{"rendered":"<p>[vc_row][vc_column][vc_column_text][\/vc_column_text][\/vc_column][\/vc_row]<\/p>\n","protected":false},"author":5,"featured_media":0,"parent":0,"menu_order":0,"comment_status":"closed","ping_status":"closed","template":"","meta":{"_acf_changed":false,"inline_featured_image":false,"footnotes":""},"class_list":["post-121","page","type-page","status-publish","hentry"],"acf":[],"yoast_head":"<!-- This site is optimized with the Yoast SEO plugin v27.2 - https:\/\/yoast.com\/product\/yoast-seo-wordpress\/ -->\n<title>Avtryck - Styr&amp;St\u00e4ll<\/title>\n<meta name=\"robots\" content=\"index, follow, max-snippet:-1, max-image-preview:large, max-video-preview:-1\" \/>\n<link rel=\"canonical\" href=\"https:\/\/styrochstall.se\/sv\/avtryck\/\" \/>\n<meta property=\"og:locale\" content=\"sv_SE\" \/>\n<meta property=\"og:type\" content=\"article\" \/>\n<meta property=\"og:title\" content=\"Avtryck - Styr&amp;St\u00e4ll\" \/>\n<meta property=\"og:description\" content=\"[vc_row][vc_column][vc_column_text][\/vc_column_text][\/vc_column][\/vc_row]\" \/>\n<meta property=\"og:url\" content=\"https:\/\/styrochstall.se\/sv\/avtryck\/\" \/>\n<meta property=\"og:site_name\" content=\"Styr&amp;St\u00e4ll\" \/>\n<meta property=\"article:modified_time\" content=\"2025-11-12T15:21:11+00:00\" \/>\n<meta name=\"twitter:card\" content=\"summary_large_image\" \/>\n<meta name=\"twitter:label1\" content=\"Ber\u00e4knad l\u00e4stid\" \/>\n\t<meta name=\"twitter:data1\" content=\"1 minut\" \/>\n<script type=\"application\/ld+json\" class=\"yoast-schema-graph\">{\"@context\":\"https:\/\/schema.org\",\"@graph\":[{\"@type\":\"WebPage\",\"@id\":\"https:\/\/styrochstall.se\/sv\/avtryck\/\",\"url\":\"https:\/\/styrochstall.se\/sv\/avtryck\/\",\"name\":\"Avtryck - Styr&St\u00e4ll\",\"isPartOf\":{\"@id\":\"https:\/\/styrochstall.se\/sv\/#website\"},\"datePublished\":\"2022-08-11T10:13:47+00:00\",\"dateModified\":\"2025-11-12T15:21:11+00:00\",\"breadcrumb\":{\"@id\":\"https:\/\/styrochstall.se\/sv\/avtryck\/#breadcrumb\"},\"inLanguage\":\"sv-SE\",\"potentialAction\":[{\"@type\":\"ReadAction\",\"target\":[\"https:\/\/styrochstall.se\/sv\/avtryck\/\"]}]},{\"@type\":\"BreadcrumbList\",\"@id\":\"https:\/\/styrochstall.se\/sv\/avtryck\/#breadcrumb\",\"itemListElement\":[{\"@type\":\"ListItem\",\"position\":1,\"name\":\"Startseite\",\"item\":\"https:\/\/styrochstall.se\/sv\/\"},{\"@type\":\"ListItem\",\"position\":2,\"name\":\"Avtryck\"}]},{\"@type\":\"WebSite\",\"@id\":\"https:\/\/styrochstall.se\/sv\/#website\",\"url\":\"https:\/\/styrochstall.se\/sv\/\",\"name\":\"Styr&St\u00e4ll\",\"description\":\"Bike Sharing by nextbike\",\"potentialAction\":[{\"@type\":\"SearchAction\",\"target\":{\"@type\":\"EntryPoint\",\"urlTemplate\":\"https:\/\/styrochstall.se\/sv\/?s={search_term_string}\"},\"query-input\":{\"@type\":\"PropertyValueSpecification\",\"valueRequired\":true,\"valueName\":\"search_term_string\"}}],\"inLanguage\":\"sv-SE\"}]}<\/script>\n<!-- \/ Yoast SEO plugin. -->","yoast_head_json":{"title":"Avtryck - Styr&St\u00e4ll","robots":{"index":"index","follow":"follow","max-snippet":"max-snippet:-1","max-image-preview":"max-image-preview:large","max-video-preview":"max-video-preview:-1"},"canonical":"https:\/\/styrochstall.se\/sv\/avtryck\/","og_locale":"sv_SE","og_type":"article","og_title":"Avtryck - Styr&St\u00e4ll","og_description":"[vc_row][vc_column][vc_column_text][\/vc_column_text][\/vc_column][\/vc_row]","og_url":"https:\/\/styrochstall.se\/sv\/avtryck\/","og_site_name":"Styr&St\u00e4ll","article_modified_time":"2025-11-12T15:21:11+00:00","twitter_card":"summary_large_image","twitter_misc":{"Ber\u00e4knad l\u00e4stid":"1 minut"},"schema":{"@context":"https:\/\/schema.org","@graph":[{"@type":"WebPage","@id":"https:\/\/styrochstall.se\/sv\/avtryck\/","url":"https:\/\/styrochstall.se\/sv\/avtryck\/","name":"Avtryck - Styr&St\u00e4ll","isPartOf":{"@id":"https:\/\/styrochstall.se\/sv\/#website"},"datePublished":"2022-08-11T10:13:47+00:00","dateModified":"2025-11-12T15:21:11+00:00","breadcrumb":{"@id":"https:\/\/styrochstall.se\/sv\/avtryck\/#breadcrumb"},"inLanguage":"sv-SE","potentialAction":[{"@type":"ReadAction","target":["https:\/\/styrochstall.se\/sv\/avtryck\/"]}]},{"@type":"BreadcrumbList","@id":"https:\/\/styrochstall.se\/sv\/avtryck\/#breadcrumb","itemListElement":[{"@type":"ListItem","position":1,"name":"Startseite","item":"https:\/\/styrochstall.se\/sv\/"},{"@type":"ListItem","position":2,"name":"Avtryck"}]},{"@type":"WebSite","@id":"https:\/\/styrochstall.se\/sv\/#website","url":"https:\/\/styrochstall.se\/sv\/","name":"Styr&St\u00e4ll","description":"Bike Sharing by nextbike","potentialAction":[{"@type":"SearchAction","target":{"@type":"EntryPoint","urlTemplate":"https:\/\/styrochstall.se\/sv\/?s={search_term_string}"},"query-input":{"@type":"PropertyValueSpecification","valueRequired":true,"valueName":"search_term_string"}}],"inLanguage":"sv-SE"}]}},"_links":{"self":[{"href":"https:\/\/styrochstall.se\/sv\/wp-json\/wp\/v2\/pages\/121","targetHints":{"allow":["GET"]}}],"collection":[{"href":"https:\/\/styrochstall.se\/sv\/wp-json\/wp\/v2\/pages"}],"about":[{"href":"https:\/\/styrochstall.se\/sv\/wp-json\/wp\/v2\/types\/page"}],"author":[{"embeddable":true,"href":"https:\/\/styrochstall.se\/sv\/wp-json\/wp\/v2\/users\/5"}],"replies":[{"embeddable":true,"href":"https:\/\/styrochstall.se\/sv\/wp-json\/wp\/v2\/comments?post=121"}],"version-history":[{"count":2,"href":"https:\/\/styrochstall.se\/sv\/wp-json\/wp\/v2\/pages\/121\/revisions"}],"predecessor-version":[{"id":178,"href":"https:\/\/styrochstall.se\/sv\/wp-json\/wp\/v2\/pages\/121\/revisions\/178"}],"wp:attachment":[{"href":"https:\/\/styrochstall.se\/sv\/wp-json\/wp\/v2\/media?parent=121"}],"curies":[{"name":"wp","href":"https:\/\/api.w.org\/{rel}","templated":true}]}}