{"id":120,"date":"2022-08-11T12:14:05","date_gmt":"2022-08-11T10:14:05","guid":{"rendered":"https:\/\/nextbike-live.pluspol-networks.de\/styr-staell\/datenschutz\/"},"modified":"2025-11-12T16:20:12","modified_gmt":"2025-11-12T15:20:12","slug":"integritetspolicy","status":"publish","type":"page","link":"https:\/\/styrochstall.se\/sv\/integritetspolicy\/","title":{"rendered":"Integritetspolicy"},"content":{"rendered":"<div class=\"wpb-content-wrapper\"><p>[vc_row][vc_column][vc_column_text]<div class=\"ppi_privacy ppi_content\"><div class=\"row_wrap\">\n<div class=\"wp-block-columns row_xxl\">\n<div class=\"wp-block-column col-12 col-sm-auto\">\n<h2>Policy f\u00f6r dataintegritet<\/h2>\n<\/div>\n<\/div>\n<\/div>\n<div class=\"row_wrap\">\n<div class=\"wp-block-columns row_xxl\">\n<div class=\"wp-block-column col-12 col-sm-auto\">Den person som \u00e4r ansvarig i enlighet med den grundl\u00e4ggande dataskyddsf\u00f6rordningen och andra nationella dataskyddslagar i medlemsstaterna samt andra dataskyddsbest\u00e4mmelser \u00e4r:<\/div>\n<div data-font-name=\"g_d3_f4\" data-angle=\"0\" data-canvas-width=\"117.61519999999996\"><\/div>\n<div data-font-name=\"g_d3_f4\" data-angle=\"0\" data-canvas-width=\"117.61519999999996\">nextbike GmbH<br \/>\nKarl-Heine-Stra\u00dfe 46<br \/>\n04229 Leipzig<\/div>\n<div class=\"wp-block-column col-12 col-sm-auto\">\n<p>Contact: <a class=\"c-link\" href=\"mailto:datenschutz@nextbike.de\" target=\"_blank\" rel=\"noopener noreferrer\" data-stringify-link=\"mailto:datenschutz@nextbike.de\" data-sk=\"tooltip_parent\" aria-expanded=\"false\">datenschutz@nextbike.de<\/a><\/p>\n<p>Vi tar skyddet av dina personuppgifter p\u00e5 st\u00f6rsta allvar och behandlar dina personuppgifter konfidentiellt och i enlighet med de lagstadgade dataskyddsbest\u00e4mmelserna och denna integritetspolicy.<\/p>\n<p>Det \u00e4r m\u00f6jligt att anv\u00e4nda v\u00e5ra webbplatser utan att l\u00e4mna personuppgifter. I den m\u00e5n personuppgifter (t.ex. namn, adress eller e-postadresser) samlas in p\u00e5 v\u00e5ra sidor sker detta alltid, s\u00e5 l\u00e5ngt det \u00e4r m\u00f6jligt, p\u00e5 frivillig basis. Dessa uppgifter kommer inte att vidarebefordras till tredje part utan ditt uttryckliga samtycke.<\/p>\n<p>Vi p\u00e5pekar att data\u00f6verf\u00f6ring via Internet (t.ex. kommunikation via e-post) kan vara f\u00f6rem\u00e5l f\u00f6r s\u00e4kerhetsbrister. Ett fullst\u00e4ndigt skydd av uppgifter mot \u00e5tkomst av tredje part \u00e4r inte m\u00f6jligt. I detta avseende informerar f\u00f6ljande f\u00f6reskrifter dig om typ, omfattning och syfte med leverant\u00f6rens insamling, anv\u00e4ndning och behandling av personuppgifter.<\/p>\n<p><a class=\"borlabs-cookie-preference\" href=\"#\">G\u00f6r individuella inst\u00e4llningar f\u00f6r dataskydd.<\/a><\/p>\n<\/div>\n<\/div>\n<\/div>\n<h4 class=\"ppi_download_headline\">Integritetspolicy f\u00f6r anv\u00e4ndning av webbplatsen<\/h4><div class=\"ppi_download_row ppi_row\"><div class=\"ppi_download_col ppi_col-md-6\"><p class=\"ppi_download_desc\">svenska<\/p><a aria-label=\"\u00d6ppnas i en ny flik\" href=\"https:\/\/styrochstall.se\/wp-content\/uploads\/2026\/01\/2026-01-12_Privacy-Notice-WEBSITE_sve-7.pdf\" target=\"_blank\" class=\"ppi_download_link\"><strong>Ladda ner<\/strong><\/a><\/div><div class=\"ppi_download_col ppi_col-md-6\"><p class=\"ppi_download_desc\">engelska<\/p><a aria-label=\"\u00d6ppnas i en ny flik\" href=\"https:\/\/styrochstall.se\/wp-content\/uploads\/2026\/01\/2026-01-12_Privacy-Notice-WEBSITE_nextbike_eng-7.pdf\" target=\"_blank\" class=\"ppi_download_link\"><strong>Ladda ner<\/strong><\/a><\/div><\/div><h4 class=\"ppi_download_headline\">Integritetspolicy f\u00f6r app-anv\u00e4ndning<\/h4><div class=\"ppi_download_row ppi_row\"><div class=\"ppi_download_col ppi_col-md-6\"><p class=\"ppi_download_desc\">svenska<\/p><a aria-label=\"\u00d6ppnas i en ny flik\" href=\"https:\/\/styrochstall.se\/wp-content\/uploads\/2026\/01\/2026-01-12_Privacy-Notice-APP_nextbike_sve-7.pdf\" target=\"_blank\" class=\"ppi_download_link\"><strong>Ladda ner<\/strong><\/a><\/div><div class=\"ppi_download_col ppi_col-md-6\"><p class=\"ppi_download_desc\">engelska<\/p><a aria-label=\"\u00d6ppnas i en ny flik\" href=\"https:\/\/styrochstall.se\/wp-content\/uploads\/2026\/01\/2026-01-12_Privacy-Notice-APP_nextbike_eng-7.pdf\" target=\"_blank\" class=\"ppi_download_link\"><strong>Ladda ner<\/strong><\/a><\/div><\/div><\/div>[\/vc_column_text][\/vc_column][\/vc_row]<\/p>\n<\/div>","protected":false},"excerpt":{"rendered":"<p>[vc_row][vc_column][vc_column_text][\/vc_column_text][\/vc_column][\/vc_row]<\/p>\n","protected":false},"author":5,"featured_media":0,"parent":0,"menu_order":0,"comment_status":"closed","ping_status":"closed","template":"page-bubble.php","meta":{"_acf_changed":false,"inline_featured_image":false,"footnotes":""},"class_list":["post-120","page","type-page","status-publish","hentry"],"acf":[],"yoast_head":"<!-- This site is optimized with the Yoast SEO plugin v27.2 - https:\/\/yoast.com\/product\/yoast-seo-wordpress\/ -->\n<title>Integritetspolicy - Styr&amp;St\u00e4ll<\/title>\n<meta name=\"robots\" content=\"index, follow, max-snippet:-1, max-image-preview:large, max-video-preview:-1\" \/>\n<link rel=\"canonical\" href=\"https:\/\/styrochstall.se\/sv\/integritetspolicy\/\" \/>\n<meta property=\"og:locale\" content=\"sv_SE\" \/>\n<meta property=\"og:type\" content=\"article\" \/>\n<meta property=\"og:title\" content=\"Integritetspolicy - Styr&amp;St\u00e4ll\" \/>\n<meta property=\"og:description\" content=\"[vc_row][vc_column][vc_column_text][\/vc_column_text][\/vc_column][\/vc_row]\" \/>\n<meta property=\"og:url\" content=\"https:\/\/styrochstall.se\/sv\/integritetspolicy\/\" \/>\n<meta property=\"og:site_name\" content=\"Styr&amp;St\u00e4ll\" \/>\n<meta property=\"article:modified_time\" content=\"2025-11-12T15:20:12+00:00\" \/>\n<meta name=\"twitter:card\" content=\"summary_large_image\" \/>\n<script type=\"application\/ld+json\" class=\"yoast-schema-graph\">{\"@context\":\"https:\/\/schema.org\",\"@graph\":[{\"@type\":\"WebPage\",\"@id\":\"https:\/\/styrochstall.se\/sv\/integritetspolicy\/\",\"url\":\"https:\/\/styrochstall.se\/sv\/integritetspolicy\/\",\"name\":\"Integritetspolicy - Styr&St\u00e4ll\",\"isPartOf\":{\"@id\":\"https:\/\/styrochstall.se\/sv\/#website\"},\"datePublished\":\"2022-08-11T10:14:05+00:00\",\"dateModified\":\"2025-11-12T15:20:12+00:00\",\"breadcrumb\":{\"@id\":\"https:\/\/styrochstall.se\/sv\/integritetspolicy\/#breadcrumb\"},\"inLanguage\":\"sv-SE\",\"potentialAction\":[{\"@type\":\"ReadAction\",\"target\":[\"https:\/\/styrochstall.se\/sv\/integritetspolicy\/\"]}]},{\"@type\":\"BreadcrumbList\",\"@id\":\"https:\/\/styrochstall.se\/sv\/integritetspolicy\/#breadcrumb\",\"itemListElement\":[{\"@type\":\"ListItem\",\"position\":1,\"name\":\"Startseite\",\"item\":\"https:\/\/styrochstall.se\/sv\/\"},{\"@type\":\"ListItem\",\"position\":2,\"name\":\"Integritetspolicy\"}]},{\"@type\":\"WebSite\",\"@id\":\"https:\/\/styrochstall.se\/sv\/#website\",\"url\":\"https:\/\/styrochstall.se\/sv\/\",\"name\":\"Styr&St\u00e4ll\",\"description\":\"Bike Sharing by nextbike\",\"potentialAction\":[{\"@type\":\"SearchAction\",\"target\":{\"@type\":\"EntryPoint\",\"urlTemplate\":\"https:\/\/styrochstall.se\/sv\/?s={search_term_string}\"},\"query-input\":{\"@type\":\"PropertyValueSpecification\",\"valueRequired\":true,\"valueName\":\"search_term_string\"}}],\"inLanguage\":\"sv-SE\"}]}<\/script>\n<!-- \/ Yoast SEO plugin. -->","yoast_head_json":{"title":"Integritetspolicy - Styr&St\u00e4ll","robots":{"index":"index","follow":"follow","max-snippet":"max-snippet:-1","max-image-preview":"max-image-preview:large","max-video-preview":"max-video-preview:-1"},"canonical":"https:\/\/styrochstall.se\/sv\/integritetspolicy\/","og_locale":"sv_SE","og_type":"article","og_title":"Integritetspolicy - Styr&St\u00e4ll","og_description":"[vc_row][vc_column][vc_column_text][\/vc_column_text][\/vc_column][\/vc_row]","og_url":"https:\/\/styrochstall.se\/sv\/integritetspolicy\/","og_site_name":"Styr&St\u00e4ll","article_modified_time":"2025-11-12T15:20:12+00:00","twitter_card":"summary_large_image","schema":{"@context":"https:\/\/schema.org","@graph":[{"@type":"WebPage","@id":"https:\/\/styrochstall.se\/sv\/integritetspolicy\/","url":"https:\/\/styrochstall.se\/sv\/integritetspolicy\/","name":"Integritetspolicy - Styr&St\u00e4ll","isPartOf":{"@id":"https:\/\/styrochstall.se\/sv\/#website"},"datePublished":"2022-08-11T10:14:05+00:00","dateModified":"2025-11-12T15:20:12+00:00","breadcrumb":{"@id":"https:\/\/styrochstall.se\/sv\/integritetspolicy\/#breadcrumb"},"inLanguage":"sv-SE","potentialAction":[{"@type":"ReadAction","target":["https:\/\/styrochstall.se\/sv\/integritetspolicy\/"]}]},{"@type":"BreadcrumbList","@id":"https:\/\/styrochstall.se\/sv\/integritetspolicy\/#breadcrumb","itemListElement":[{"@type":"ListItem","position":1,"name":"Startseite","item":"https:\/\/styrochstall.se\/sv\/"},{"@type":"ListItem","position":2,"name":"Integritetspolicy"}]},{"@type":"WebSite","@id":"https:\/\/styrochstall.se\/sv\/#website","url":"https:\/\/styrochstall.se\/sv\/","name":"Styr&St\u00e4ll","description":"Bike Sharing by nextbike","potentialAction":[{"@type":"SearchAction","target":{"@type":"EntryPoint","urlTemplate":"https:\/\/styrochstall.se\/sv\/?s={search_term_string}"},"query-input":{"@type":"PropertyValueSpecification","valueRequired":true,"valueName":"search_term_string"}}],"inLanguage":"sv-SE"}]}},"_links":{"self":[{"href":"https:\/\/styrochstall.se\/sv\/wp-json\/wp\/v2\/pages\/120","targetHints":{"allow":["GET"]}}],"collection":[{"href":"https:\/\/styrochstall.se\/sv\/wp-json\/wp\/v2\/pages"}],"about":[{"href":"https:\/\/styrochstall.se\/sv\/wp-json\/wp\/v2\/types\/page"}],"author":[{"embeddable":true,"href":"https:\/\/styrochstall.se\/sv\/wp-json\/wp\/v2\/users\/5"}],"replies":[{"embeddable":true,"href":"https:\/\/styrochstall.se\/sv\/wp-json\/wp\/v2\/comments?post=120"}],"version-history":[{"count":1,"href":"https:\/\/styrochstall.se\/sv\/wp-json\/wp\/v2\/pages\/120\/revisions"}],"predecessor-version":[{"id":176,"href":"https:\/\/styrochstall.se\/sv\/wp-json\/wp\/v2\/pages\/120\/revisions\/176"}],"wp:attachment":[{"href":"https:\/\/styrochstall.se\/sv\/wp-json\/wp\/v2\/media?parent=120"}],"curies":[{"name":"wp","href":"https:\/\/api.w.org\/{rel}","templated":true}]}}