{"id":116,"date":"2022-11-15T07:57:06","date_gmt":"2022-11-15T06:57:06","guid":{"rendered":"https:\/\/nextbike-live.pluspol-networks.de\/styr-staell\/widerrufsbelehrung\/"},"modified":"2025-11-12T16:22:05","modified_gmt":"2025-11-12T15:22:05","slug":"angerratt","status":"publish","type":"page","link":"https:\/\/styrochstall.se\/sv\/angerratt\/","title":{"rendered":"\u00c5ngerr\u00e4tt"},"content":{"rendered":"<div class=\"wpb-content-wrapper\"><p>[vc_row][vc_column][vc_column_text]<h1>Instruktioner om \u00e5ngerr\u00e4tt<\/h1>\n<p>\u00c5ngerr\u00e4tten g\u00e4ller endast f\u00f6r k\u00f6pta abonnemang, men inte f\u00f6r hyror i grundpriset.<\/p>\n<p><strong>\u00c5ngerr\u00e4tt<\/strong><br \/>\nDu har r\u00e4tt att fr\u00e5ntr\u00e4da detta avtal inom 14 dagar utan att ange n\u00e5got sk\u00e4l. \u00c5ngerfristen l\u00f6per ut efter 14 dagar fr\u00e5n den dag d\u00e5 avtalet ingicks. F\u00f6r att ut\u00f6va \u00e5ngerr\u00e4tten m\u00e5ste du informera (<span data-sheets-root=\"1\" data-sheets-value=\"{&quot;1&quot;:2,&quot;2&quot;:&quot;Ju keni t\u00eb drejt\u00eb t\u00eb t\u00ebrhiqeni nga kjo kontrat\u00eb brenda 14 dit\u00ebve pa dh\u00ebn\u00eb asnj\u00eb arsye. Afati i t\u00ebrheqjes p\u00ebrfundon pas 14 dit\u00ebsh nga dita e lidhjes s\u00eb kontrat\u00ebs. P\u00ebr t\u00eb ushtruar t\u00eb drejt\u00ebn e t\u00ebrheqjes duhet t\u00eb informoni (#ADRESA# ) t\u00eb vendimit tuaj p\u00ebr t'u t\u00ebrhequr nga kjo kontrat\u00eb me nj\u00eb deklarat\u00eb t\u00eb qart\u00eb (p.sh. nj\u00eb let\u00ebr e d\u00ebrguar me post\u00eb, faks ose e-mail Ju mund t\u00eb p\u00ebrdorni formularin e t\u00ebrheqjes s\u00eb bashkangjitur, por nuk \u00ebsht\u00eb i detyruesh\u00ebm).\\n\\nP\u00ebr t\u00eb p\u00ebrmbushur afatin e t\u00ebrheqjes, mjafton q\u00eb ju t\u00eb d\u00ebrgoni komunikimin tuaj n\u00eb lidhje me ushtrimin e t\u00eb drejt\u00ebs s\u00eb t\u00ebrheqjes p\u00ebrpara se t\u00eb skadoj\u00eb periudha e t\u00ebrheqjes.&quot;}\" data-sheets-userformat=\"{&quot;2&quot;:14593,&quot;3&quot;:{&quot;1&quot;:0,&quot;3&quot;:1},&quot;11&quot;:4,&quot;14&quot;:{&quot;1&quot;:2,&quot;2&quot;:0},&quot;15&quot;:&quot;Arial&quot;,&quot;16&quot;:10}\">nextbike, Karl-Heine-Stra\u00dfe 46, 04229 Leipzig<\/span>, Germany) om ditt beslut att fr\u00e5ntr\u00e4da detta avtal genom ett otvetydigt uttalande (t.ex. ett brev som skickas med post, fax eller e-post). Du kan anv\u00e4nda den bifogade modellen f\u00f6r \u00e5ngerblankett, men det \u00e4r inte obligatoriskt.<\/p>\n<p>F\u00f6r att iaktta \u00e5ngerfristen r\u00e4cker det att ni skickar ert meddelande om ut\u00f6vande av \u00e5ngerr\u00e4tten innan \u00e5ngerfristen har l\u00f6pt ut.<\/p>\n<p><strong>Effekter av tillbakadragande<\/strong><br \/>\nOm du fr\u00e5ntr\u00e4der detta avtal ska vi \u00e5terbetala alla betalningar som vi har mottagit fr\u00e5n dig, inklusive leveranskostnader (med undantag f\u00f6r extra kostnader till f\u00f6ljd av ditt val av en annan typ av leverans \u00e4n den billigaste typen av standardleverans som vi erbjuder), utan on\u00f6digt dr\u00f6jsm\u00e5l och under alla omst\u00e4ndigheter senast 14 dagar fr\u00e5n den dag d\u00e5 vi informerades om ditt beslut att fr\u00e5ntr\u00e4da detta avtal. Vi kommer att genomf\u00f6ra en s\u00e5dan \u00e5terbetalning med samma betalningsmedel som du anv\u00e4nde f\u00f6r den ursprungliga transaktionen, s\u00e5vida du inte uttryckligen har kommit \u00f6verens om n\u00e5got annat; i vilket fall som helst kommer du inte att \u00e5dra dig n\u00e5gra avgifter till f\u00f6ljd av en s\u00e5dan \u00e5terbetalning.<\/p>\n<p>Om du ombeds att b\u00f6rja utf\u00f6ra tj\u00e4nster under \u00e5ngerfristen ska du betala oss ett belopp som st\u00e5r i proportion till vad som har tillhandah\u00e5llits fram till dess att du har meddelat oss att du fr\u00e5ntr\u00e4der avtalet, j\u00e4mf\u00f6rt med avtalets fulla t\u00e4ckning.<\/p>\n<a aria-label=\"\u00d6ppnas i en ny flik\" href=\"\" target=\"_blank\" class=\"ppi_withdrawal_download_link\"><strong><\/strong><\/a>[\/vc_column_text][\/vc_column][\/vc_row]<\/p>\n<\/div>","protected":false},"excerpt":{"rendered":"<p>[vc_row][vc_column][vc_column_text][\/vc_column_text][\/vc_column][\/vc_row]<\/p>\n","protected":false},"author":5,"featured_media":0,"parent":0,"menu_order":0,"comment_status":"closed","ping_status":"closed","template":"","meta":{"_acf_changed":false,"inline_featured_image":false,"footnotes":""},"class_list":["post-116","page","type-page","status-publish","hentry"],"acf":[],"yoast_head":"<!-- This site is optimized with the Yoast SEO plugin v27.2 - https:\/\/yoast.com\/product\/yoast-seo-wordpress\/ -->\n<title>\u00c5ngerr\u00e4tt - Styr&amp;St\u00e4ll<\/title>\n<meta name=\"robots\" content=\"index, follow, max-snippet:-1, max-image-preview:large, max-video-preview:-1\" \/>\n<link rel=\"canonical\" href=\"https:\/\/styrochstall.se\/sv\/angerratt\/\" \/>\n<meta property=\"og:locale\" content=\"sv_SE\" \/>\n<meta property=\"og:type\" content=\"article\" \/>\n<meta property=\"og:title\" content=\"\u00c5ngerr\u00e4tt - Styr&amp;St\u00e4ll\" \/>\n<meta property=\"og:description\" content=\"[vc_row][vc_column][vc_column_text][\/vc_column_text][\/vc_column][\/vc_row]\" \/>\n<meta property=\"og:url\" content=\"https:\/\/styrochstall.se\/sv\/angerratt\/\" \/>\n<meta property=\"og:site_name\" content=\"Styr&amp;St\u00e4ll\" \/>\n<meta property=\"article:modified_time\" content=\"2025-11-12T15:22:05+00:00\" \/>\n<meta name=\"twitter:card\" content=\"summary_large_image\" \/>\n<meta name=\"twitter:label1\" content=\"Ber\u00e4knad l\u00e4stid\" \/>\n\t<meta name=\"twitter:data1\" content=\"1 minut\" \/>\n<script type=\"application\/ld+json\" class=\"yoast-schema-graph\">{\"@context\":\"https:\/\/schema.org\",\"@graph\":[{\"@type\":\"WebPage\",\"@id\":\"https:\/\/styrochstall.se\/sv\/angerratt\/\",\"url\":\"https:\/\/styrochstall.se\/sv\/angerratt\/\",\"name\":\"\u00c5ngerr\u00e4tt - Styr&St\u00e4ll\",\"isPartOf\":{\"@id\":\"https:\/\/styrochstall.se\/sv\/#website\"},\"datePublished\":\"2022-11-15T06:57:06+00:00\",\"dateModified\":\"2025-11-12T15:22:05+00:00\",\"breadcrumb\":{\"@id\":\"https:\/\/styrochstall.se\/sv\/angerratt\/#breadcrumb\"},\"inLanguage\":\"sv-SE\",\"potentialAction\":[{\"@type\":\"ReadAction\",\"target\":[\"https:\/\/styrochstall.se\/sv\/angerratt\/\"]}]},{\"@type\":\"BreadcrumbList\",\"@id\":\"https:\/\/styrochstall.se\/sv\/angerratt\/#breadcrumb\",\"itemListElement\":[{\"@type\":\"ListItem\",\"position\":1,\"name\":\"Startseite\",\"item\":\"https:\/\/styrochstall.se\/sv\/\"},{\"@type\":\"ListItem\",\"position\":2,\"name\":\"\u00c5ngerr\u00e4tt\"}]},{\"@type\":\"WebSite\",\"@id\":\"https:\/\/styrochstall.se\/sv\/#website\",\"url\":\"https:\/\/styrochstall.se\/sv\/\",\"name\":\"Styr&St\u00e4ll\",\"description\":\"Bike Sharing by nextbike\",\"potentialAction\":[{\"@type\":\"SearchAction\",\"target\":{\"@type\":\"EntryPoint\",\"urlTemplate\":\"https:\/\/styrochstall.se\/sv\/?s={search_term_string}\"},\"query-input\":{\"@type\":\"PropertyValueSpecification\",\"valueRequired\":true,\"valueName\":\"search_term_string\"}}],\"inLanguage\":\"sv-SE\"}]}<\/script>\n<!-- \/ Yoast SEO plugin. -->","yoast_head_json":{"title":"\u00c5ngerr\u00e4tt - Styr&St\u00e4ll","robots":{"index":"index","follow":"follow","max-snippet":"max-snippet:-1","max-image-preview":"max-image-preview:large","max-video-preview":"max-video-preview:-1"},"canonical":"https:\/\/styrochstall.se\/sv\/angerratt\/","og_locale":"sv_SE","og_type":"article","og_title":"\u00c5ngerr\u00e4tt - Styr&St\u00e4ll","og_description":"[vc_row][vc_column][vc_column_text][\/vc_column_text][\/vc_column][\/vc_row]","og_url":"https:\/\/styrochstall.se\/sv\/angerratt\/","og_site_name":"Styr&St\u00e4ll","article_modified_time":"2025-11-12T15:22:05+00:00","twitter_card":"summary_large_image","twitter_misc":{"Ber\u00e4knad l\u00e4stid":"1 minut"},"schema":{"@context":"https:\/\/schema.org","@graph":[{"@type":"WebPage","@id":"https:\/\/styrochstall.se\/sv\/angerratt\/","url":"https:\/\/styrochstall.se\/sv\/angerratt\/","name":"\u00c5ngerr\u00e4tt - Styr&St\u00e4ll","isPartOf":{"@id":"https:\/\/styrochstall.se\/sv\/#website"},"datePublished":"2022-11-15T06:57:06+00:00","dateModified":"2025-11-12T15:22:05+00:00","breadcrumb":{"@id":"https:\/\/styrochstall.se\/sv\/angerratt\/#breadcrumb"},"inLanguage":"sv-SE","potentialAction":[{"@type":"ReadAction","target":["https:\/\/styrochstall.se\/sv\/angerratt\/"]}]},{"@type":"BreadcrumbList","@id":"https:\/\/styrochstall.se\/sv\/angerratt\/#breadcrumb","itemListElement":[{"@type":"ListItem","position":1,"name":"Startseite","item":"https:\/\/styrochstall.se\/sv\/"},{"@type":"ListItem","position":2,"name":"\u00c5ngerr\u00e4tt"}]},{"@type":"WebSite","@id":"https:\/\/styrochstall.se\/sv\/#website","url":"https:\/\/styrochstall.se\/sv\/","name":"Styr&St\u00e4ll","description":"Bike Sharing by nextbike","potentialAction":[{"@type":"SearchAction","target":{"@type":"EntryPoint","urlTemplate":"https:\/\/styrochstall.se\/sv\/?s={search_term_string}"},"query-input":{"@type":"PropertyValueSpecification","valueRequired":true,"valueName":"search_term_string"}}],"inLanguage":"sv-SE"}]}},"_links":{"self":[{"href":"https:\/\/styrochstall.se\/sv\/wp-json\/wp\/v2\/pages\/116","targetHints":{"allow":["GET"]}}],"collection":[{"href":"https:\/\/styrochstall.se\/sv\/wp-json\/wp\/v2\/pages"}],"about":[{"href":"https:\/\/styrochstall.se\/sv\/wp-json\/wp\/v2\/types\/page"}],"author":[{"embeddable":true,"href":"https:\/\/styrochstall.se\/sv\/wp-json\/wp\/v2\/users\/5"}],"replies":[{"embeddable":true,"href":"https:\/\/styrochstall.se\/sv\/wp-json\/wp\/v2\/comments?post=116"}],"version-history":[{"count":1,"href":"https:\/\/styrochstall.se\/sv\/wp-json\/wp\/v2\/pages\/116\/revisions"}],"predecessor-version":[{"id":179,"href":"https:\/\/styrochstall.se\/sv\/wp-json\/wp\/v2\/pages\/116\/revisions\/179"}],"wp:attachment":[{"href":"https:\/\/styrochstall.se\/sv\/wp-json\/wp\/v2\/media?parent=116"}],"curies":[{"name":"wp","href":"https:\/\/api.w.org\/{rel}","templated":true}]}}